{"id":16,"date":"2020-09-17T03:17:48","date_gmt":"2020-09-17T03:17:48","guid":{"rendered":"https:\/\/angelopavesio.com\/?page_id=16"},"modified":"2025-12-02T18:28:18","modified_gmt":"2025-12-02T18:28:18","slug":"inicio","status":"publish","type":"page","link":"https:\/\/angelopavesio.com\/","title":{"rendered":"Inicio"},"content":{"rendered":"\t\t<div data-elementor-type=\"wp-page\" data-elementor-id=\"16\" class=\"elementor elementor-16\">\n\t\t\t\t\t\t<section class=\"elementor-section elementor-top-section elementor-element elementor-element-6198002 elementor-section-boxed elementor-section-height-default elementor-section-height-default\" data-id=\"6198002\" data-element_type=\"section\" data-settings=\"{&quot;background_background&quot;:&quot;gradient&quot;}\">\n\t\t\t\t\t\t<div class=\"elementor-container elementor-column-gap-default\">\n\t\t\t\t\t<div class=\"elementor-column elementor-col-100 elementor-top-column elementor-element elementor-element-d678697\" data-id=\"d678697\" data-element_type=\"column\">\n\t\t\t<div class=\"elementor-widget-wrap elementor-element-populated\">\n\t\t\t\t\t\t<div class=\"elementor-element elementor-element-c5353c2 elementor-invisible elementor-widget elementor-widget-image-carousel\" data-id=\"c5353c2\" data-element_type=\"widget\" data-settings=\"{&quot;slides_to_show&quot;:&quot;1&quot;,&quot;navigation&quot;:&quot;none&quot;,&quot;speed&quot;:3,&quot;_animation&quot;:&quot;fadeInRight&quot;,&quot;autoplay&quot;:&quot;yes&quot;,&quot;pause_on_hover&quot;:&quot;yes&quot;,&quot;pause_on_interaction&quot;:&quot;yes&quot;,&quot;autoplay_speed&quot;:5000,&quot;infinite&quot;:&quot;yes&quot;,&quot;effect&quot;:&quot;slide&quot;}\" data-widget_type=\"image-carousel.default\">\n\t\t\t\t<div class=\"elementor-widget-container\">\n\t\t\t\t\t\t\t<div class=\"elementor-image-carousel-wrapper swiper\" role=\"region\" aria-roledescription=\"carousel\" aria-label=\"Carrusel de im\u00e1genes\" dir=\"ltr\">\n\t\t\t<div class=\"elementor-image-carousel swiper-wrapper swiper-image-stretch\" aria-live=\"off\">\n\t\t\t\t\t\t\t\t<div class=\"swiper-slide\" role=\"group\" aria-roledescription=\"slide\" aria-label=\"1 de 4\"><figure class=\"swiper-slide-inner\"><img decoding=\"async\" class=\"swiper-slide-image\" src=\"https:\/\/angelopavesio.com\/wp-content\/uploads\/elementor\/thumbs\/headway-5QgIuuBxKwM-unsplash-scaled-ovl1n5hfzhtl3bdvlrgyjtjiy5tqdly7xp6gieyg18.jpg\" alt=\"headway-5QgIuuBxKwM-unsplash\" \/><\/figure><\/div><div class=\"swiper-slide\" role=\"group\" aria-roledescription=\"slide\" aria-label=\"2 de 4\"><figure class=\"swiper-slide-inner\"><img decoding=\"async\" class=\"swiper-slide-image\" src=\"https:\/\/angelopavesio.com\/wp-content\/uploads\/elementor\/thumbs\/riccardo-annandale-7e2pe9wjL9M-unsplash-ovl1mu7dphe57zu9fmlfpwdztjdbt8pfw5cmr3f63w.jpg\" alt=\"riccardo-annandale-7e2pe9wjL9M-unsplash\" \/><\/figure><\/div><div class=\"swiper-slide\" role=\"group\" aria-roledescription=\"slide\" aria-label=\"3 de 4\"><figure class=\"swiper-slide-inner\"><img decoding=\"async\" class=\"swiper-slide-image\" src=\"https:\/\/angelopavesio.com\/wp-content\/uploads\/elementor\/thumbs\/sean-pollock-PhYq704ffdA-unsplash-scaled-ovl1mh1n1sw4pgddkgwnqzpji566th976c7u17yoj0.jpg\" alt=\"sean-pollock-PhYq704ffdA-unsplash\" \/><\/figure><\/div><div class=\"swiper-slide\" role=\"group\" aria-roledescription=\"slide\" aria-label=\"4 de 4\"><figure class=\"swiper-slide-inner\"><img decoding=\"async\" class=\"swiper-slide-image\" src=\"https:\/\/angelopavesio.com\/wp-content\/uploads\/elementor\/thumbs\/scott-graham-5fNmWej4tAA-unsplash-scaled-ovl1lslu43yoblcvj6ccy5vk24in9ck6ez97k0yx0s.jpg\" alt=\"scott-graham-5fNmWej4tAA-unsplash\" \/><\/figure><\/div>\t\t\t<\/div>\n\t\t\t\t\t\t\t\n\t\t\t\t\t\t\t\t\t<\/div>\n\t\t\t\t\t\t<\/div>\n\t\t\t\t<\/div>\n\t\t\t\t\t<\/div>\n\t\t<\/div>\n\t\t\t\t\t<\/div>\n\t\t<\/section>\n\t\t\t\t<section class=\"elementor-section elementor-top-section elementor-element elementor-element-4b226d6f elementor-section-content-middle elementor-section-boxed elementor-section-height-default elementor-section-height-default\" data-id=\"4b226d6f\" data-element_type=\"section\" data-settings=\"{&quot;background_background&quot;:&quot;classic&quot;}\">\n\t\t\t\t\t\t<div class=\"elementor-container elementor-column-gap-no\">\n\t\t\t\t\t<div class=\"elementor-column elementor-col-50 elementor-top-column elementor-element elementor-element-8e5b8d5\" data-id=\"8e5b8d5\" data-element_type=\"column\">\n\t\t\t<div class=\"elementor-widget-wrap elementor-element-populated\">\n\t\t\t\t\t\t<div class=\"elementor-element elementor-element-6a9a5053 elementor-widget elementor-widget-image\" data-id=\"6a9a5053\" data-element_type=\"widget\" data-widget_type=\"image.default\">\n\t\t\t\t<div class=\"elementor-widget-container\">\n\t\t\t\t\t\t\t\t\t\t\t\t\t\t\t<img fetchpriority=\"high\" decoding=\"async\" width=\"1512\" height=\"2016\" src=\"https:\/\/angelopavesio.com\/wp-content\/uploads\/2025\/12\/IMG_2672-2.jpg\" class=\"attachment-full size-full wp-image-230\" alt=\"\" srcset=\"https:\/\/angelopavesio.com\/wp-content\/uploads\/2025\/12\/IMG_2672-2.jpg 1512w, https:\/\/angelopavesio.com\/wp-content\/uploads\/2025\/12\/IMG_2672-2-225x300.jpg 225w, https:\/\/angelopavesio.com\/wp-content\/uploads\/2025\/12\/IMG_2672-2-768x1024.jpg 768w, https:\/\/angelopavesio.com\/wp-content\/uploads\/2025\/12\/IMG_2672-2-1152x1536.jpg 1152w\" sizes=\"(max-width: 1512px) 100vw, 1512px\" \/>\t\t\t\t\t\t\t\t\t\t\t\t\t\t\t<\/div>\n\t\t\t\t<\/div>\n\t\t\t\t\t<\/div>\n\t\t<\/div>\n\t\t\t\t<div class=\"elementor-column elementor-col-50 elementor-top-column elementor-element elementor-element-70596405\" data-id=\"70596405\" data-element_type=\"column\">\n\t\t\t<div class=\"elementor-widget-wrap elementor-element-populated\">\n\t\t\t\t\t\t<div class=\"elementor-element elementor-element-4a431503 elementor-widget elementor-widget-heading\" data-id=\"4a431503\" data-element_type=\"widget\" data-widget_type=\"heading.default\">\n\t\t\t\t<div class=\"elementor-widget-container\">\n\t\t\t\t\t<h4 class=\"elementor-heading-title elementor-size-default\">Bienvenidos<\/h4>\t\t\t\t<\/div>\n\t\t\t\t<\/div>\n\t\t\t\t<div class=\"elementor-element elementor-element-b7dfdd2 elementor-widget elementor-widget-text-editor\" data-id=\"b7dfdd2\" data-element_type=\"widget\" data-widget_type=\"text-editor.default\">\n\t\t\t\t<div class=\"elementor-widget-container\">\n\t\t\t\t\t\t\t\t\t<p>Angelo Pavesio naci\u00f3 en la hermosa ciudad de Valpara\u00edso, Chile, el 31 de enero de 1977. Es hijo de Ricardo Pavesio y M\u00f3nica Cisternas, y tiene una hermana llamada Gigliola Pavesio. Su infancia transcurri\u00f3 en la ciudad de Villa Alemana, donde forj\u00f3 recuerdos significativos. Actualmente, reside en Texas, Estados Unidos, donde ha dedicado su vida tanto al servicio a Dios, guiado por su fe, como al mundo de los negocios. Est\u00e1 felizmente casado con Vanessa y es orgulloso padre de tres hijos: Vannya Alexandra, Angelo Maximiliano y Nicola Pietro.<\/p><p>Angelo inici\u00f3 su formaci\u00f3n acad\u00e9mica en Administraci\u00f3n de Empresas en DUOC Universidad Cat\u00f3lica de Chile, situada en Valpara\u00edso. Tras completar sus estudios en su pa\u00eds natal, tom\u00f3 la decisi\u00f3n de emigrar a Dallas, Texas, con el prop\u00f3sito de continuar su educaci\u00f3n. En Christ For The Nations, se especializ\u00f3 en Leadership y Advanced Pastoral Studies, lo que le proporcion\u00f3 una s\u00f3lida base para su futuro profesional y ministerial.<\/p><p>Es el fundador y actual Presidente Ejecutivo de la corporaci\u00f3n sin fines de lucro Visi\u00f3n Mundial Para la Familia, Inc., a trav\u00e9s de la cual ha estado comprometido con el servicio a la comunidad latina en el \u00e1rea del Metroplex de Dallas-Fort Worth, impactando positivamente muchas vidas.<\/p><p>Adem\u00e1s de su dedicaci\u00f3n al servicio comunitario, Angelo ha estado inmerso en el \u00e1mbito empresarial desde el a\u00f1o 2004. Es el fundador y CEO de Texas Labor Training, una empresa enfocada en la capacitaci\u00f3n y entrenamiento de personas que trabajan en el sector HVACR. Esta compa\u00f1\u00eda ofrece certificaciones y licencias necesarias para que los profesionales puedan desempe\u00f1arse en este campo. En el a\u00f1o 2001, fund\u00f3 Pavesio Printing, una empresa dedicada a la creaci\u00f3n de sitios web y a la producci\u00f3n de diversos materiales impresos, que incluyen afiches, tarjetas de presentaci\u00f3n, postales y una amplia gama de material publicitario. Ambas empresas operan bajo el nombre de Pavesio Group, LLC, consolidando su presencia en el mercado.<\/p><p>Angelo curs\u00f3 sus estudios profesionales en Administraci\u00f3n de Empresas en DUOC Universidad Cat\u00f3lica de Chile en la ciudad de Valpara\u00edso, posteriormente emigr\u00f3 a Dallas, Texas, Estados Unidos para continuar con sus estudios, estudiando en Christ For The Nations de Leadership y Advanced Pastoral Studies.\u00a0 Fundador y\u00a0<span style=\"font-size: 16px; font-family: var( --e-global-typography-text-font-family );\">Presidente Ejecutivo de la corporacion sin fines de lucro <a href=\"https:\/\/vmfusa.org\/\">Visi\u00f3n Mundial Para la Familia, Inc.<\/a>, a trav\u00e9s de la cual ha servido activamente a la comunidad latina en el \u00e1rea del Metroplex, Dallas, Fort Worth, Texas, USA.<\/span><\/p><p><span style=\"font-size: 16px; font-family: var( --e-global-typography-text-font-family );\">Adem\u00e1s del servicio comunitario est\u00e1 dedicado a\u00a0<\/span><span style=\"font-size: 16px; font-family: var( --e-global-typography-text-font-family );\">los negocios desde el a\u00f1o 2004, es fundador y CEO de <a href=\"https:\/\/texaslabortraining.com\">Texas Labor Training<\/a>, una compa\u00f1\u00eda dedicada al entrenamiento y capacitaci\u00f3n para personas que trabajan en HVACR, proveyendo certificaci\u00f3n y licencias para trabajar en esa \u00e1rea profesional.\u00a0 Fund\u00f3 en\u00a0 el 2001 el negocio de <a href=\"http:\/\/pavesioprinting.com\">Pavesio Printing<\/a> que es una compa\u00f1\u00eda dedicada a la construcci\u00f3n de p\u00e1ginas web&#8217;s, y todo tipo de material impreso, como afiches, tarjetas de negocio, postcard&#8217;s y todo tipo de material impreso publicitario.\u00a0 Los negocios de Texas Labor Training y Pavesio Printing funcionan bajo <a href=\"https:\/\/www.pavesiogroup.com\/\">Pavesio Group, LLC<\/a>.-<\/span><\/p>\t\t\t\t\t\t\t\t<\/div>\n\t\t\t\t<\/div>\n\t\t\t\t\t<\/div>\n\t\t<\/div>\n\t\t\t\t\t<\/div>\n\t\t<\/section>\n\t\t\t\t<section class=\"elementor-section elementor-top-section elementor-element elementor-element-7fa08613 elementor-section-content-middle elementor-section-boxed elementor-section-height-default elementor-section-height-default\" data-id=\"7fa08613\" data-element_type=\"section\">\n\t\t\t\t\t\t<div class=\"elementor-container elementor-column-gap-no\">\n\t\t\t\t\t<div class=\"elementor-column elementor-col-100 elementor-top-column elementor-element elementor-element-6bb8e7f8\" data-id=\"6bb8e7f8\" data-element_type=\"column\">\n\t\t\t<div class=\"elementor-widget-wrap elementor-element-populated\">\n\t\t\t\t\t\t<div class=\"elementor-element elementor-element-a708e6a elementor-widget elementor-widget-heading\" data-id=\"a708e6a\" data-element_type=\"widget\" data-widget_type=\"heading.default\">\n\t\t\t\t<div class=\"elementor-widget-container\">\n\t\t\t\t\t<h4 class=\"elementor-heading-title elementor-size-default\">Contact me!<\/h4>\t\t\t\t<\/div>\n\t\t\t\t<\/div>\n\t\t\t\t<section class=\"elementor-section elementor-inner-section elementor-element elementor-element-7f568243 elementor-section-content-middle elementor-section-boxed elementor-section-height-default elementor-section-height-default\" data-id=\"7f568243\" data-element_type=\"section\">\n\t\t\t\t\t\t<div class=\"elementor-container elementor-column-gap-no\">\n\t\t\t\t\t<div class=\"elementor-column elementor-col-100 elementor-inner-column elementor-element elementor-element-28ad9754\" data-id=\"28ad9754\" data-element_type=\"column\">\n\t\t\t<div class=\"elementor-widget-wrap elementor-element-populated\">\n\t\t\t\t\t\t<div class=\"elementor-element elementor-element-1b666538 elementor-widget elementor-widget-heading\" data-id=\"1b666538\" data-element_type=\"widget\" data-widget_type=\"heading.default\">\n\t\t\t\t<div class=\"elementor-widget-container\">\n\t\t\t\t\t<h6 class=\"elementor-heading-title elementor-size-default\"><a href=\"mailto:contact@angelopavesio.com\">Cellphone: + 1 (469) 556 3571 call, text or whatsapp available<br>Office: +1 (469) 286-0073 call, text or whatsapp available<br>email: contact@angelopavesio.com<\/a><\/h6>\t\t\t\t<\/div>\n\t\t\t\t<\/div>\n\t\t\t\t<div class=\"elementor-element elementor-element-7e3989d8 elementor-widget elementor-widget-heading\" data-id=\"7e3989d8\" data-element_type=\"widget\" data-widget_type=\"heading.default\">\n\t\t\t\t<div class=\"elementor-widget-container\">\n\t\t\t\t\t<h6 class=\"elementor-heading-title elementor-size-default\">Always available, if you want to send me a text message or whatsapp you can too!<\/h6>\t\t\t\t<\/div>\n\t\t\t\t<\/div>\n\t\t\t\t<div class=\"elementor-element elementor-element-76c8c501 elementor-widget elementor-widget-heading\" data-id=\"76c8c501\" data-element_type=\"widget\" data-widget_type=\"heading.default\">\n\t\t\t\t<div class=\"elementor-widget-container\">\n\t\t\t\t\t<h6 class=\"elementor-heading-title elementor-size-default\">2580 W. Camp Wisdom Rd.<br>Suite 100-251<br>Grand Prairie, TX 75052<\/h6>\t\t\t\t<\/div>\n\t\t\t\t<\/div>\n\t\t\t\t<div class=\"elementor-element elementor-element-162aded elementor-shape-rounded elementor-grid-0 e-grid-align-center elementor-widget elementor-widget-social-icons\" data-id=\"162aded\" data-element_type=\"widget\" data-widget_type=\"social-icons.default\">\n\t\t\t\t<div class=\"elementor-widget-container\">\n\t\t\t\t\t\t\t<div class=\"elementor-social-icons-wrapper elementor-grid\">\n\t\t\t\t\t\t\t<span class=\"elementor-grid-item\">\n\t\t\t\t\t<a class=\"elementor-icon elementor-social-icon elementor-social-icon-facebook-f elementor-animation-grow elementor-repeater-item-2d0da0c\" href=\"https:\/\/www.facebook.com\/apavesio\/\" target=\"_blank\">\n\t\t\t\t\t\t<span class=\"elementor-screen-only\">Facebook-f<\/span>\n\t\t\t\t\t\t<i class=\"fab fa-facebook-f\"><\/i>\t\t\t\t\t<\/a>\n\t\t\t\t<\/span>\n\t\t\t\t\t\t\t<span class=\"elementor-grid-item\">\n\t\t\t\t\t<a class=\"elementor-icon elementor-social-icon elementor-social-icon-twitter elementor-animation-grow elementor-repeater-item-914746e\" href=\"https:\/\/twitter.com\/angelopavesio\" target=\"_blank\">\n\t\t\t\t\t\t<span class=\"elementor-screen-only\">Twitter<\/span>\n\t\t\t\t\t\t<i class=\"fab fa-twitter\"><\/i>\t\t\t\t\t<\/a>\n\t\t\t\t<\/span>\n\t\t\t\t\t\t\t<span class=\"elementor-grid-item\">\n\t\t\t\t\t<a class=\"elementor-icon elementor-social-icon elementor-social-icon-instagram elementor-animation-grow elementor-repeater-item-776c467\" href=\"https:\/\/www.instagram.com\/angelo_pavesio\/\" target=\"_blank\">\n\t\t\t\t\t\t<span class=\"elementor-screen-only\">Instagram<\/span>\n\t\t\t\t\t\t<i class=\"fab fa-instagram\"><\/i>\t\t\t\t\t<\/a>\n\t\t\t\t<\/span>\n\t\t\t\t\t<\/div>\n\t\t\t\t\t\t<\/div>\n\t\t\t\t<\/div>\n\t\t\t\t\t<\/div>\n\t\t<\/div>\n\t\t\t\t\t<\/div>\n\t\t<\/section>\n\t\t\t\t\t<\/div>\n\t\t<\/div>\n\t\t\t\t\t<\/div>\n\t\t<\/section>\n\t\t\t\t<\/div>\n\t\t","protected":false},"excerpt":{"rendered":"<p>Bienvenidos Angelo Pavesio naci\u00f3 en la hermosa ciudad de Valpara\u00edso, Chile, el 31 de enero de 1977. Es hijo de Ricardo Pavesio y M\u00f3nica Cisternas, y tiene una hermana llamada Gigliola Pavesio. Su infancia transcurri\u00f3 en la ciudad de Villa Alemana, donde forj\u00f3 recuerdos significativos. Actualmente, reside en Texas, Estados Unidos, donde ha dedicado su &hellip;<\/p>\n<p class=\"read-more\"> <a class=\"\" href=\"https:\/\/angelopavesio.com\/\"> <span class=\"screen-reader-text\">Inicio<\/span> Leer m\u00e1s &raquo;<\/a><\/p>\n","protected":false},"author":1,"featured_media":0,"parent":0,"menu_order":0,"comment_status":"closed","ping_status":"closed","template":"","meta":{"footnotes":""},"class_list":["post-16","page","type-page","status-publish","hentry"],"_links":{"self":[{"href":"https:\/\/angelopavesio.com\/index.php?rest_route=\/wp\/v2\/pages\/16","targetHints":{"allow":["GET"]}}],"collection":[{"href":"https:\/\/angelopavesio.com\/index.php?rest_route=\/wp\/v2\/pages"}],"about":[{"href":"https:\/\/angelopavesio.com\/index.php?rest_route=\/wp\/v2\/types\/page"}],"author":[{"embeddable":true,"href":"https:\/\/angelopavesio.com\/index.php?rest_route=\/wp\/v2\/users\/1"}],"replies":[{"embeddable":true,"href":"https:\/\/angelopavesio.com\/index.php?rest_route=%2Fwp%2Fv2%2Fcomments&post=16"}],"version-history":[{"count":130,"href":"https:\/\/angelopavesio.com\/index.php?rest_route=\/wp\/v2\/pages\/16\/revisions"}],"predecessor-version":[{"id":235,"href":"https:\/\/angelopavesio.com\/index.php?rest_route=\/wp\/v2\/pages\/16\/revisions\/235"}],"wp:attachment":[{"href":"https:\/\/angelopavesio.com\/index.php?rest_route=%2Fwp%2Fv2%2Fmedia&parent=16"}],"curies":[{"name":"wp","href":"https:\/\/api.w.org\/{rel}","templated":true}]}}